{"id":2009,"date":"2022-04-22T10:00:06","date_gmt":"2022-04-22T07:00:06","guid":{"rendered":"https:\/\/forestgreen-gazelle-678785.hostingersite.com\/?post_type=product&#038;p=2009"},"modified":"2022-05-10T11:39:39","modified_gmt":"2022-05-10T08:39:39","slug":"extreme-day-fethiye-paragliding-scuba-dive-oludeniz","status":"publish","type":"product","link":"https:\/\/ekstremtatil.com\/en\/tours\/extreme-day-fethiye-paragliding-scuba-dive-oludeniz\/","title":{"rendered":"Extreme Day Oludeniz"},"content":{"rendered":"<h2>Paragliding and Scuba Dive in same Day<\/h2>\n<p>While gliding from <strong>Babada\u011f<\/strong>, which is <strong>6550<\/strong> feet high, you will witness the best view of <strong>\u00d6l\u00fcdeniz<\/strong> and you will <a href=\"\/en\/tours\/tuplu-dalis-fethiye-oludeniz\/\">scuba dive<\/a> in that sea. This package includes two different <strong>extreme activities<\/strong> in one day and guarantees a great day.<\/p>\n<p>Get ready to spend special time with our experienced and licensed instructor team in <strong>Fethiye<\/strong>. All you have to do is follow the instructions. No training, no tuition fees, no need to be experienced.<\/p>\n<h3>Fethiye Yama\u00e7 Para\u015f\u00fct\u00fc<\/h3>\n<p>Yaz sezonunda <strong>Fethiye<\/strong> \u00d6l\u00fcdeniz&#8217;de haftada 7 g\u00fcn tandem <strong>yama\u00e7 para\u015f\u00fct\u00fc<\/strong> u\u00e7u\u015flar\u0131 sunuyoruz. Havada kal\u0131\u015f s\u00fcresi 20 ila 40 dakika aras\u0131d\u0131r. Hava \u015fartlar\u0131na ba\u011fl\u0131d\u0131r. Biletinizi en az 3 g\u00fcn \u00f6nce alman\u0131z\u0131 tavsiye ediyoruz. Nadir de olsa etkileyen hava \u015fartlar\u0131n\u0131 size haber verebilelim diye. Son 2 g\u00fcne kadar iptaller tam iade garantilidir veya tarih de\u011fi\u015ftirebilirsiniz.<\/p>\n<table class=\"table table-bordered tours-tabs__table\" style=\"height: 233px;\" width=\"862\">\n<tbody>\n<tr>\n<td>\n<h3>START\/PLACE<\/h3>\n<\/td>\n<td>Fethiye, \u00d6l\u00fcdeniz Office<\/td>\n<\/tr>\n<tr>\n<td><strong>DEPARTURE HOURS<\/strong><\/td>\n<td>Paragliding 10:00 Scuba Dive 13:30. Please meet at the office 10 minutes earlier.<\/td>\n<\/tr>\n<tr>\n<td><strong>FINISH HOURS<\/strong><\/td>\n<td>About 2 hours after the start.<\/td>\n<\/tr>\n<tr>\n<td><strong>WEAR<\/strong><\/td>\n<td>Sneakers, sunglasses. Swimsuit for diving.<\/td>\n<\/tr>\n<tr>\n<td><strong>INCLUDED<\/strong><\/td>\n<td>\n<table class=\"table table-bordered\" style=\"height: 62px;\" width=\"300\">\n<tbody>\n<tr>\n<td><i class=\"fa fa-check icon-tick icon-tick--on\"><\/i>Pro Pilot<\/td>\n<td><i class=\"fa fa-check icon-tick icon-tick--on\"><\/i>National Park fee<\/td>\n<\/tr>\n<tr>\n<td><i class=\"fa fa-check icon-tick icon-tick--on\"><\/i>Flight and Dive gears<\/td>\n<td><i class=\"fa fa-check icon-tick icon-tick--on\"><\/i>Transfer to Mountain<\/td>\n<\/tr>\n<\/tbody>\n<\/table>\n<\/td>\n<\/tr>\n<tr>\n<td><b>EXLUDED<\/b><\/td>\n<td>\n<table class=\"table table-bordered\" style=\"height: 62px;\" width=\"300\">\n<tbody>\n<tr>\n<td><i class=\"fa fa-times icon-tick icon-tick--off\"><\/i>Photos Videos<\/td>\n<\/tr>\n<tr>\n<td><\/td>\n<\/tr>\n<\/tbody>\n<\/table>\n<\/td>\n<\/tr>\n<\/tbody>\n<\/table>\n<p><a href=\"https:\/\/ekstremtatil.com\/en\/blog-en\/\">See our blog.<\/a><\/p>\n","protected":false},"excerpt":{"rendered":"<p>Paragliding and Scuba Dive in same Day While gliding from Babada\u011f, which is 6550 feet high, you will witness the best view of \u00d6l\u00fcdeniz and you will scuba dive in that sea. This package includes two different extreme activities in one day and guarantees a great day. Get ready to spend special time with our<\/p>\n<div class=\"padding-top text-center\"><a href=\"https:\/\/ekstremtatil.com\/en\/tours\/extreme-day-fethiye-paragliding-scuba-dive-oludeniz\/\" class=\"atbtn atbtn--medium atbtn--rounded atbtn--transparent\">Devam\u0131<i class=\"atbtn__icon atbtn__icon--right fa fa-long-arrow-right\"><\/i><\/a><\/div>\n","protected":false},"featured_media":1419,"template":"","meta":[],"product_brand":[],"product_cat":[160,87],"product_tag":[169,170,171],"class_list":{"0":"post-2009","1":"product","2":"type-product","3":"status-publish","4":"has-post-thumbnail","6":"product_cat-scuba-dive","7":"product_cat-paragliding","8":"product_tag-fethiye-en","9":"product_tag-paragliding","10":"product_tag-ticket","11":"tour_category-package-tours","13":"first","14":"instock","15":"shipping-taxable","16":"purchasable","17":"product-type-tour"},"aioseo_notices":[],"_links":{"self":[{"href":"https:\/\/ekstremtatil.com\/en\/wp-json\/wp\/v2\/product\/2009","targetHints":{"allow":["GET"]}}],"collection":[{"href":"https:\/\/ekstremtatil.com\/en\/wp-json\/wp\/v2\/product"}],"about":[{"href":"https:\/\/ekstremtatil.com\/en\/wp-json\/wp\/v2\/types\/product"}],"wp:featuredmedia":[{"embeddable":true,"href":"https:\/\/ekstremtatil.com\/en\/wp-json\/wp\/v2\/media\/1419"}],"wp:attachment":[{"href":"https:\/\/ekstremtatil.com\/en\/wp-json\/wp\/v2\/media?parent=2009"}],"wp:term":[{"taxonomy":"product_brand","embeddable":true,"href":"https:\/\/ekstremtatil.com\/en\/wp-json\/wp\/v2\/product_brand?post=2009"},{"taxonomy":"product_cat","embeddable":true,"href":"https:\/\/ekstremtatil.com\/en\/wp-json\/wp\/v2\/product_cat?post=2009"},{"taxonomy":"product_tag","embeddable":true,"href":"https:\/\/ekstremtatil.com\/en\/wp-json\/wp\/v2\/product_tag?post=2009"}],"curies":[{"name":"wp","href":"https:\/\/api.w.org\/{rel}","templated":true}]}}