{"id":2353,"date":"2022-11-14T11:12:30","date_gmt":"2022-11-14T08:12:30","guid":{"rendered":"https:\/\/forestgreen-gazelle-678785.hostingersite.com\/fethiye-paragliding-oludeniz\/"},"modified":"2026-02-24T05:17:12","modified_gmt":"2026-02-24T02:17:12","slug":"fethiye-paragliding-oludeniz","status":"publish","type":"page","link":"https:\/\/ekstremtatil.com\/en\/fethiye-paragliding-oludeniz\/","title":{"rendered":"Fethiye Paragliding"},"content":{"rendered":"<p>An unforgettable experience in the unique view of \u00d6l\u00fcdeniz<strong> Fethiye paragliding<\/strong> As Ektremtatil, we are at your service with our expert team and professional pilots for you to experience. Our location is Fethiye Oludeniz neighborhood.<\/p>\n<p>Your flights will be extremely safe and fun, accompanied by our pilots with THK, FAI (International Aviation Federation) licenses and many years of flight experience. Professional, friendly office and reservation team, complete and high security measures, the most modern parachute equipment and of course the most beautiful view in the world. All you have to do is reach us and leave yourself to the wind in the unique view of \u00d6l\u00fcdeniz. <a href=\"https:\/\/ekstremtatil.com\/en\/tours\/fethiye-paragliding-oludeniz\/\">Please review the paragliding activity before booking.<\/a><\/p>\n<h2>Fethiye Oludeniz Paragliding Companies<\/h2>\n<p>Extreme vacation Oludeniz and Turkey&#8217;s leading and best paragliding company. For comprehensive information about pricing, please read our <a href=\"https:\/\/ekstremtatil.com\/en\/fethiye-paragliding-price\/\">Fethiye paragliding prices<\/a> article. Our pilots, who have made tandem or single flights thousands of times in paragliding centers in Turkey and the world, will give you an unforgettable experience.<strong><em> Fethiye paragliding<\/em><\/strong> They offer flight. As a company, we are happy to serve thousands of domestic and foreign guests from Turkey and all over the world. If you want to experience moments full of adrenaline, adventure and fun, all you need to do is to reach the <a href=\"\/\">extreme vacation<\/a> team and book your place in the sky.<\/p>\n<h2><strong>Fethiye Paragliding \u2013 What are the Required Rules for Flying?<\/strong><\/h2>\n<h3>Age limit:<\/h3>\n<p>THK, FAI (International Aviation Federation) does not apply any age limit rules. Anyone over the age of 4 can make a paragliding flight to Fethiye. People of all ages can have an unforgettable flight experience in \u00d6l\u00fcdeniz, which has one of the most beautiful views in the world, thanks to our equipment suitable for all ages and physiques.<\/p>\n<h3><img decoding=\"async\" class=\"alignnone size-medium wp-image-1415\" src=\"https:\/\/ekstremtatil.com\/wp-content\/uploads\/2020\/05\/ekstrem-tatilciler-yp-2-300x225.jpg\" alt=\"Fethiye paragliding age limit\" width=\"300\" height=\"225\" srcset=\"https:\/\/ekstremtatil.com\/wp-content\/uploads\/2020\/05\/ekstrem-tatilciler-yp-2-300x225.jpg 300w, https:\/\/ekstremtatil.com\/wp-content\/uploads\/2020\/05\/ekstrem-tatilciler-yp-2-600x450.jpg 600w, https:\/\/ekstremtatil.com\/wp-content\/uploads\/2020\/05\/ekstrem-tatilciler-yp-2-768x576.jpg 768w, https:\/\/ekstremtatil.com\/wp-content\/uploads\/2020\/05\/ekstrem-tatilciler-yp-2.jpg 800w\" sizes=\"(max-width: 300px) 100vw, 300px\" \/><\/h3>\n<h3>Weight limit:<\/h3>\n<p>On tandem flights, that is, flights where the pilot and passenger fly together and the pilot has full control, the passenger weight should be maximum 100. Depending on the weather and wind conditions, our pilots can reduce this limit due to their experience. Guests over 90 kg must inform us of their weight when making a reservation.<\/p>\n<h3>Insurance:<\/h3>\n<p>All our parachute pilots have third party liability insurance covering themselves and their passengers. Your flights are extremely safe thanks to our required languages, insurance and most importantly our experienced pilots.<\/p>\n<p>Items to have with you: It will be enough to wear sunglasses, comfortable sneakers and clothes.<\/p>\n<h3>Flight duration:<\/h3>\n<p>Flights take an average of 30 minutes depending on weather conditions. If you request aerobatics, this time will change. This is the ideal time from the jumping point to the landing point. You should not forget that it would be ideal to devote 3-4 hours to this activity when we take into account the pre- and post-flight activities.<\/p>\n<h3>Experience of pilots:<\/h3>\n<p>As we mentioned above, all our pilots hold all local and international licenses. Some of our pilots are famous in the world of paragliding and are considered the best in their field. Many new pilot candidates are given a personal or<a href=\"https:\/\/www.thk.org.tr\/\"> THK<\/a> They provide training under the umbrella of FAI (International Aviation Federation).<\/p>\n<h2>Easy maps to reach the paragliding experience:<\/h2>\n<p>You can use it to reach our office in Fethiye \u00d6l\u00fcdeniz from Ka\u015f direction.<\/p>\n<p><iframe src=\"https:\/\/www.google.com\/maps\/d\/u\/0\/embed?mid=1VF00c4KP3TA09DITCha3l6PWMy4-OSA&amp;ehbc=2E312F\" width=\"640\" height=\"480\"><\/iframe><\/p>\n","protected":false},"excerpt":{"rendered":"<p>An unforgettable experience in the unique view of \u00d6l\u00fcdeniz Fethiye paragliding As Ektremtatil, we are at your service with our expert team and professional pilots for you to experience. Our location is Fethiye Oludeniz neighborhood. Your flights will be extremely safe and fun, accompanied by our pilots with THK, FAI (International Aviation Federation) licenses and<\/p>\n<div class=\"padding-top text-center\"><a href=\"https:\/\/ekstremtatil.com\/en\/fethiye-paragliding-oludeniz\/\" class=\"atbtn atbtn--medium atbtn--rounded atbtn--transparent\">Devam\u0131<i class=\"atbtn__icon atbtn__icon--right fa fa-long-arrow-right\"><\/i><\/a><\/div>\n","protected":false},"author":1,"featured_media":1419,"parent":0,"menu_order":0,"comment_status":"closed","ping_status":"closed","template":"","meta":{"footnotes":""},"class_list":["post-2353","page","type-page","status-publish","has-post-thumbnail","hentry"],"aioseo_notices":[],"_links":{"self":[{"href":"https:\/\/ekstremtatil.com\/en\/wp-json\/wp\/v2\/pages\/2353","targetHints":{"allow":["GET"]}}],"collection":[{"href":"https:\/\/ekstremtatil.com\/en\/wp-json\/wp\/v2\/pages"}],"about":[{"href":"https:\/\/ekstremtatil.com\/en\/wp-json\/wp\/v2\/types\/page"}],"author":[{"embeddable":true,"href":"https:\/\/ekstremtatil.com\/en\/wp-json\/wp\/v2\/users\/1"}],"replies":[{"embeddable":true,"href":"https:\/\/ekstremtatil.com\/en\/wp-json\/wp\/v2\/comments?post=2353"}],"version-history":[{"count":0,"href":"https:\/\/ekstremtatil.com\/en\/wp-json\/wp\/v2\/pages\/2353\/revisions"}],"wp:featuredmedia":[{"embeddable":true,"href":"https:\/\/ekstremtatil.com\/en\/wp-json\/wp\/v2\/media\/1419"}],"wp:attachment":[{"href":"https:\/\/ekstremtatil.com\/en\/wp-json\/wp\/v2\/media?parent=2353"}],"curies":[{"name":"wp","href":"https:\/\/api.w.org\/{rel}","templated":true}]}}