{"id":2474,"date":"2015-07-11T10:51:49","date_gmt":"2022-12-30T10:34:41","guid":{"rendered":"https:\/\/forestgreen-gazelle-678785.hostingersite.com\/urun\/rafting-fethiye-dalaman-cayi\/"},"modified":"2023-01-15T19:52:28","modified_gmt":"2023-01-15T16:52:28","slug":"rafting-fethiye-dalaman-cayi","status":"publish","type":"product","link":"https:\/\/ekstremtatil.com\/de\/tours\/rafting-fethiye-dalaman-cayi\/","title":{"rendered":"Rafting Dalaman Fluss Aktivitat"},"content":{"rendered":"<p>Unsere Rafting Dalaman Tour ab Fethiye wird auch 2022 zu einem erschwinglichen Preis fortgesetzt. Kommen Sie und nehmen Sie an dieser actiongeladenen Rafting-Aktivit\u00e4t teil. Nicht 8 Kilometer, sondern 12 Kilometer. Unterwegs gibt es auch zus\u00e4tzliche Unterhaltung. Wir essen Wassermelone in einer Ecke des Paradieses.<!--more--><\/p>\n<h2>Rafting Dalaman Tour von Fethiye aus<\/h2>\n<p>Wir \u00f6ffnen unsere Herzen und bewundern die wunderbare Aussicht. Erster Halt ist der Campingplatz. Nach dem Fr\u00fchst\u00fcck ziehen wir unsere Flussausr\u00fcstung an und begeben uns zu der Stelle, an der wir mit unserem Fahrzeug <strong>raften<\/strong> werden. Fr\u00fchst\u00fcck und Mittagessen sind im Preis inbegriffen.<\/p>\n<table class=\"table table-bordered tours-tabs__table\" style=\"height: 233px;\" width=\"862\">\n<tbody>\n<tr>\n<td><strong>Abreise-\/R\u00fcckkehrort<\/strong><\/td>\n<td>Ihr Hotel<\/td>\n<\/tr>\n<tr>\n<td><strong>Ausstiegszeit<\/strong><\/td>\n<td>Etwa 8:30 Uhr<\/td>\n<\/tr>\n<tr>\n<td><strong>Zeit zur\u00fcck drehen<\/strong><\/td>\n<td>17:30<\/td>\n<\/tr>\n<tr>\n<td><strong>Kleider<\/strong><\/td>\n<td>Ihr Badeanzug<\/td>\n<\/tr>\n<tr>\n<td><strong>Einschlie\u00dflich<\/strong><\/td>\n<td>\n<table class=\"table table-bordered\" style=\"height: 62px;\" width=\"300\">\n<tbody>\n<tr>\n<td><i class=\"fa fa-check icon-tick icon-tick--on\"><\/i>Fr\u00fchst\u00fcck im Dorf<\/td>\n<td><i class=\"fa fa-check icon-tick icon-tick--on\"><\/i>\u00dcbertragung<\/td>\n<\/tr>\n<tr>\n<td><\/td>\n<td><\/td>\n<\/tr>\n<\/tbody>\n<\/table>\n<\/td>\n<\/tr>\n<tr>\n<td><b>Nicht beinhaltet<\/b><\/td>\n<td>\n<table class=\"table table-bordered\" style=\"height: 62px;\" width=\"300\">\n<tbody>\n<tr>\n<td><i class=\"fa fa-times icon-tick icon-tick--off\"><\/i>Foto-Video<\/td>\n<\/tr>\n<tr>\n<td><\/td>\n<\/tr>\n<\/tbody>\n<\/table>\n<\/td>\n<\/tr>\n<\/tbody>\n<\/table>\n<p>Rafting auf dem Dalaman-Fluss ist eine gro\u00dfartige M\u00f6glichkeit, sich in den hei\u00dfen Sommermonaten abzuk\u00fchlen. Das Ambiente ist wundersch\u00f6n, der Bach mit seinem wei\u00dfen, glitzernden Wasser flie\u00dft zwischen riesigen Felsen und den umliegenden Kiefernw\u00e4ldern. Zwischen Mai und November k\u00f6nnen Sie sich unserer t\u00e4glichen Rafting-Tour anschlie\u00dfen, die wir r3 &#8211; r4 nennen und die in den Regionen \u00d6l\u00fcdeniz, Hisar\u00f6n\u00fc, Ovac\u0131k, Fethiye, \u00c7al\u0131\u015f und G\u00f6cek startet. Es ist keine Schulung erforderlich, und Sie werden mit der gesamten erforderlichen Ausr\u00fcstung ausgestattet, so dass Sie sich nur noch zur\u00fccklehnen und die Fahrt genie\u00dfen m\u00fcssen!<\/p>\n","protected":false},"excerpt":{"rendered":"<p>Unsere Rafting Dalaman Tour ab Fethiye wird auch 2022 zu einem erschwinglichen Preis fortgesetzt. Kommen Sie und nehmen Sie an dieser actiongeladenen Rafting-Aktivit\u00e4t teil. Nicht 8 Kilometer, sondern 12 Kilometer. Unterwegs gibt es auch zus\u00e4tzliche Unterhaltung. Wir essen Wassermelone in einer Ecke des Paradieses.<\/p>\n","protected":false},"featured_media":1897,"template":"","meta":[],"product_brand":[],"product_cat":[507],"product_tag":[335,332,331,333,334],"class_list":{"0":"post-2474","1":"product","2":"type-product","3":"status-publish","4":"has-post-thumbnail","6":"product_cat-rafting-de","7":"product_tag-dalaman-de","8":"product_tag-fahrkarte","9":"product_tag-fethiye-de","10":"product_tag-ganzen-tag","11":"product_tag-rafting-de","12":"tour_category-aktivitaten","13":"tour_category-wassersport","15":"first","16":"instock","17":"featured","18":"shipping-taxable","19":"purchasable","20":"product-type-tour"},"aioseo_notices":[],"_links":{"self":[{"href":"https:\/\/ekstremtatil.com\/de\/wp-json\/wp\/v2\/product\/2474","targetHints":{"allow":["GET"]}}],"collection":[{"href":"https:\/\/ekstremtatil.com\/de\/wp-json\/wp\/v2\/product"}],"about":[{"href":"https:\/\/ekstremtatil.com\/de\/wp-json\/wp\/v2\/types\/product"}],"wp:featuredmedia":[{"embeddable":true,"href":"https:\/\/ekstremtatil.com\/de\/wp-json\/wp\/v2\/media\/1897"}],"wp:attachment":[{"href":"https:\/\/ekstremtatil.com\/de\/wp-json\/wp\/v2\/media?parent=2474"}],"wp:term":[{"taxonomy":"product_brand","embeddable":true,"href":"https:\/\/ekstremtatil.com\/de\/wp-json\/wp\/v2\/product_brand?post=2474"},{"taxonomy":"product_cat","embeddable":true,"href":"https:\/\/ekstremtatil.com\/de\/wp-json\/wp\/v2\/product_cat?post=2474"},{"taxonomy":"product_tag","embeddable":true,"href":"https:\/\/ekstremtatil.com\/de\/wp-json\/wp\/v2\/product_tag?post=2474"}],"curies":[{"name":"wp","href":"https:\/\/api.w.org\/{rel}","templated":true}]}}