{"id":2429,"date":"2022-12-07T17:29:22","date_gmt":"2022-12-07T14:29:22","guid":{"rendered":"https:\/\/forestgreen-gazelle-678785.hostingersite.com\/urun\/surat-boot-verleih-oludeniz\/"},"modified":"2022-12-07T18:18:13","modified_gmt":"2022-12-07T15:18:13","slug":"surat-boot-verleih-oludeniz","status":"publish","type":"product","link":"https:\/\/ekstremtatil.com\/de\/tours\/surat-boot-verleih-oludeniz\/","title":{"rendered":"Schnellbootvermietung Oludeniz"},"content":{"rendered":"<p>Haben Sie schon einmal versucht, der Kapit\u00e4n Ihres eigenen Bootes zu sein, indem Sie ein Schnellboot gemietet haben? Bevorzugen Sie es, in einsamen Buchten zu schwimmen und mit Ihren Freunden oder Ihrer Familie allein zu sein? Wenn ja, ist diese Tour genau das Richtige f\u00fcr Sie.<\/p>\n<h2>Oludeniz Orte, an denen Sie ein Schnellboot mieten und besuchen k\u00f6nnen<\/h2>\n<p>Sie k\u00f6nnen die Blaue H\u00f6hle, das Schmetterlingstal, die Aquarienbucht, die St.-Nikolaus-Insel, das kalte Wasser, den Kamelstrand und die tiefblaue, k\u00fchle Paradiesbucht von \u00d6l\u00fcdeniz besuchen. Es bietet eine besondere Gelegenheit, die sch\u00f6nsten und ruhigsten Buchten von \u00d6l\u00fcdeniz mit einem Schnellboot zu besuchen, das man <strong>mit<\/strong> oder <strong>ohne<\/strong> <strong>Kapit\u00e4n<\/strong> mieten kann. Sie k\u00f6nnen auch ein Schnellboot zum Fischen in Oludeniz mieten.<\/p>\n<p>Die erste Route, auf der Sie <strong>ein Schnellboot mieten<\/strong> k\u00f6nnen, ist die Route durch die Blaue H\u00f6hle und das Schmetterlingstal. Die zweite Route ist die Route der Aquarium Bay, St. Nicholas Island, Coldwater Bay. Dar\u00fcber hinaus haben Sie auch die M\u00f6glichkeit, Ihre eigene Route aus den Optionen zu erstellen, indem Sie mit Ihrem Kapit\u00e4n ein pers\u00f6nliches Gespr\u00e4ch f\u00fchren.<\/p>\n<h2>Welche Dienstleistungen werden auf dem Schnellboot angeboten?<\/h2>\n<p>Mini-K\u00fchlschrank, Sonnensegel, Schwimmwesten, Navigations- und Radarservice sind ebenfalls kostenlos auf diesen Booten, die maximal 4 Personen aufnehmen k\u00f6nnen. Eine Tankf\u00fcllung ist im Preis inbegriffen. Die Schnellbootvermietung in Oludeniz bietet 3 verschiedene Zeitoptionen w\u00e4hrend des Tages. Sie k\u00f6nnen unser Schnellboot f\u00fcr 2, 3 oder 4 Stunden mieten und die sch\u00f6nsten Buchten von \u00d6l\u00fcdeniz besuchen und schwimmen.<\/p>\n<p>Je nach Verf\u00fcgbarkeit kann Oludeniz einen Schnellbootverleih zu den von Ihnen gew\u00fcnschten Zeiten anbieten. Sie k\u00f6nnen auch unsere anderen Optionen f\u00fcr <a href=\"https:\/\/ekstremtatil.com\/de\/tours\/oludeniz-taegliche-boots-vermietung-fethiye\/\">blaue Kreuzfahrten<\/a> pr\u00fcfen.<\/p>\n","protected":false},"excerpt":{"rendered":"<p>Haben Sie schon einmal versucht, der Kapit\u00e4n Ihres eigenen Bootes zu sein, indem Sie ein Schnellboot gemietet haben? Bevorzugen Sie es, in einsamen Buchten zu schwimmen und mit Ihren Freunden oder Ihrer Familie allein zu sein? Wenn ja, ist diese Tour genau das Richtige f\u00fcr Sie. Oludeniz Orte, an denen Sie ein Schnellboot mieten und<\/p>\n<div class=\"padding-top text-center\"><a href=\"https:\/\/ekstremtatil.com\/de\/tours\/surat-boot-verleih-oludeniz\/\" class=\"atbtn atbtn--medium atbtn--rounded atbtn--transparent\">Devam\u0131<i class=\"atbtn__icon atbtn__icon--right fa fa-long-arrow-right\"><\/i><\/a><\/div>\n","protected":false},"featured_media":2421,"template":"","meta":[],"product_brand":[],"product_cat":[330,412],"product_tag":[493,494,492,495],"class_list":{"0":"post-2429","1":"product","2":"type-product","3":"status-publish","4":"has-post-thumbnail","6":"product_cat-bootstour","7":"product_cat-zu-vermieten","8":"product_tag-boot","9":"product_tag-bot-de","10":"product_tag-geschwindigkeit","11":"product_tag-zu-mieten","12":"tour_category-aktivitaten","13":"tour_category-blaue-reise","14":"tour_category-geeignet-fur-familien","15":"tour_category-oludeniz-de","17":"first","18":"instock","19":"featured","20":"virtual","21":"purchasable","22":"product-type-tour"},"aioseo_notices":[],"_links":{"self":[{"href":"https:\/\/ekstremtatil.com\/de\/wp-json\/wp\/v2\/product\/2429","targetHints":{"allow":["GET"]}}],"collection":[{"href":"https:\/\/ekstremtatil.com\/de\/wp-json\/wp\/v2\/product"}],"about":[{"href":"https:\/\/ekstremtatil.com\/de\/wp-json\/wp\/v2\/types\/product"}],"wp:featuredmedia":[{"embeddable":true,"href":"https:\/\/ekstremtatil.com\/de\/wp-json\/wp\/v2\/media\/2421"}],"wp:attachment":[{"href":"https:\/\/ekstremtatil.com\/de\/wp-json\/wp\/v2\/media?parent=2429"}],"wp:term":[{"taxonomy":"product_brand","embeddable":true,"href":"https:\/\/ekstremtatil.com\/de\/wp-json\/wp\/v2\/product_brand?post=2429"},{"taxonomy":"product_cat","embeddable":true,"href":"https:\/\/ekstremtatil.com\/de\/wp-json\/wp\/v2\/product_cat?post=2429"},{"taxonomy":"product_tag","embeddable":true,"href":"https:\/\/ekstremtatil.com\/de\/wp-json\/wp\/v2\/product_tag?post=2429"}],"curies":[{"name":"wp","href":"https:\/\/api.w.org\/{rel}","templated":true}]}}