{"id":2218,"date":"2022-07-13T23:06:08","date_gmt":"2022-07-13T20:06:09","guid":{"rendered":"https:\/\/forestgreen-gazelle-678785.hostingersite.com\/?post_type=product&#038;p=2218"},"modified":"2022-11-29T00:47:41","modified_gmt":"2022-11-28T21:47:41","slug":"oludeniz-taegliche-boots-vermietung-fethiye","status":"publish","type":"product","link":"https:\/\/ekstremtatil.com\/de\/tours\/oludeniz-taegliche-boots-vermietung-fethiye\/","title":{"rendered":"T\u00e4gliche Bootsvermietung Fethiye Oludeniz"},"content":{"rendered":"<p>Wenn Sie mit dem Gedanken spielen, eine blaue Kreuzfahrt zu machen, empfehlen wir Ihnen, dieses Schiff zu w\u00e4hlen. Es ist sehr komfortabel und f\u00fcr Gruppenreisen geeignet. Ein Ess- und Sitzbereich ist vorhanden. Es ist das bevorzugte Boot f\u00fcr blaue Reisen. Geeignet f\u00fcr 6 Passagiere und Tagesmiete. Sie werden sich auf blauen Kreuzfahrten und K\u00fcstenfahrten mit einem preisg\u00fcnstigen Boot sehr wohl f\u00fchlen.<\/p>\n<p>Wir w\u00e4hlen Boote mit Zufriedenheitsgarantie f\u00fcr Fethiye Bootsvermietung. Klicken Sie hier f\u00fcr Yachtcharter Fethiye.<\/p>\n<h2 data-pm-slice=\"1 1 []\">Bootsvermietung Preise | T\u00e4glich, St\u00fcndlich, Rent a Boat Fethiye<\/h2>\n<p>Wenn es um Bootsurlaub geht, denken viele an Fethiye und die nat\u00fcrlichen Inseln der G\u00f6cek-Bucht. Sie sind nicht nach Fethiye gekommen, ohne Orte wie die Nikolausinsel, die Gemiler-Bucht, den K\u0131d\u0131rak-Strand, das kalte Wasser, die blaue H\u00f6hle und das Schmetterlingstal gesehen zu haben. Sie k\u00f6nnen uns sofort kontaktieren, um die Preise f\u00fcr die Bootsvermietung in Fethiye zu erfahren.<\/p>\n<p>Urlauber, die mit ihren Familien oder Freunden gerne Zeit in den Buchten verbringen, die an den bequemsten Yacht- und Bootsurlaub gew\u00f6hnt sind, haben sich nach der Untersuchung von Dutzenden von M\u00f6glichkeiten f\u00fcr die von Ekstrem Tatil angebotene Kategorie der Bootsvermietung entschieden. Wenn Sie f\u00fcr Ihren Urlaub in diesem Jahr Yachtcharter und -vermietung in Erw\u00e4gung ziehen, erwartet Sie unsere Kategorie Yacht- und Bootscharter. Die Preise f\u00fcr Yacht- und Bootscharter variieren je nach Gr\u00f6\u00dfe des Schiffes, das Sie chartern m\u00f6chten, dem Hafen, in dem Sie anlegen m\u00f6chten, der Anzahl der Personen in Ihrer Gruppe und der Entfernung zu der Bucht, die Sie besuchen m\u00f6chten.<\/p>\n<h2>Private Charter Boote &amp; Yachten in Fethiye<\/h2>\n<h2>PREISE F\u00dcR DIE T\u00c4GLICHE BOOTSMIETE<\/h2>\n<h2>St\u00fcndliche Mietpreise f\u00fcr Schnellboote<\/h2>\n<p>&nbsp;<\/p>\n","protected":false},"excerpt":{"rendered":"<p>Wenn Sie mit dem Gedanken spielen, eine blaue Kreuzfahrt zu machen, empfehlen wir Ihnen, dieses Schiff zu w\u00e4hlen. Es ist sehr komfortabel und f\u00fcr Gruppenreisen geeignet. Ein Ess- und Sitzbereich ist vorhanden. Es ist das bevorzugte Boot f\u00fcr blaue Reisen. Geeignet f\u00fcr 6 Passagiere und Tagesmiete. Sie werden sich auf blauen Kreuzfahrten und K\u00fcstenfahrten mit<\/p>\n<div class=\"padding-top text-center\"><a href=\"https:\/\/ekstremtatil.com\/de\/tours\/oludeniz-taegliche-boots-vermietung-fethiye\/\" class=\"atbtn atbtn--medium atbtn--rounded atbtn--transparent\">Devam\u0131<i class=\"atbtn__icon atbtn__icon--right fa fa-long-arrow-right\"><\/i><\/a><\/div>\n","protected":false},"featured_media":2210,"template":"","meta":[],"product_brand":[],"product_cat":[330,412],"product_tag":[413,332,331,333,482,356],"class_list":{"0":"post-2218","1":"product","2":"type-product","3":"status-publish","4":"has-post-thumbnail","6":"product_cat-bootstour","7":"product_cat-zu-vermieten","8":"product_tag-boot-zu-vermieten","9":"product_tag-fahrkarte","10":"product_tag-fethiye-de","11":"product_tag-ganzen-tag","12":"product_tag-tagesausflug","13":"product_tag-totes-meer","14":"tour_category-blaue-reise","15":"tour_category-bootstour","16":"tour_category-fethiye-de","17":"tour_category-geeignet-fur-familien","18":"tour_category-oludeniz-de","19":"tour_category-yachtcharter","21":"first","22":"instock","23":"sale","24":"virtual","25":"sold-individually","26":"purchasable","27":"product-type-tour"},"aioseo_notices":[],"_links":{"self":[{"href":"https:\/\/ekstremtatil.com\/de\/wp-json\/wp\/v2\/product\/2218","targetHints":{"allow":["GET"]}}],"collection":[{"href":"https:\/\/ekstremtatil.com\/de\/wp-json\/wp\/v2\/product"}],"about":[{"href":"https:\/\/ekstremtatil.com\/de\/wp-json\/wp\/v2\/types\/product"}],"wp:featuredmedia":[{"embeddable":true,"href":"https:\/\/ekstremtatil.com\/de\/wp-json\/wp\/v2\/media\/2210"}],"wp:attachment":[{"href":"https:\/\/ekstremtatil.com\/de\/wp-json\/wp\/v2\/media?parent=2218"}],"wp:term":[{"taxonomy":"product_brand","embeddable":true,"href":"https:\/\/ekstremtatil.com\/de\/wp-json\/wp\/v2\/product_brand?post=2218"},{"taxonomy":"product_cat","embeddable":true,"href":"https:\/\/ekstremtatil.com\/de\/wp-json\/wp\/v2\/product_cat?post=2218"},{"taxonomy":"product_tag","embeddable":true,"href":"https:\/\/ekstremtatil.com\/de\/wp-json\/wp\/v2\/product_tag?post=2218"}],"curies":[{"name":"wp","href":"https:\/\/api.w.org\/{rel}","templated":true}]}}