{"id":2089,"date":"2022-04-25T03:23:28","date_gmt":"2022-04-25T00:23:29","guid":{"rendered":"https:\/\/forestgreen-gazelle-678785.hostingersite.com\/?post_type=product&#038;p=2089"},"modified":"2022-04-25T03:50:37","modified_gmt":"2022-04-25T00:50:37","slug":"yacht-fethiye-2-beneteau-ece-marin","status":"publish","type":"product","link":"https:\/\/ekstremtatil.com\/de\/tours\/yacht-fethiye-2-beneteau-ece-marin\/","title":{"rendered":"Jacht Fethiye 2"},"content":{"rendered":"<p>BENETEAU OCEANIS 50 \/ 2011 \u26f5<br \/>\n\u26f5 BOOTDETAILS \u26f5<\/p>\n<p>&#8211; 4 Doppelbettkabinen<br \/>\n&#8211; 4 Badezimmer \/ Wc (jede Kabine ist separat)<br \/>\n&#8211; Die Mietbedingungen unseres Segelbootes lauten wie folgt.<\/p>\n<p>\ud83d\udc49 BOOTSDETAILS; \ud83d\udc48<br \/>\n-4 Doppelbettkabine<br \/>\n&#8211; 1 separate Kabine des Kapit\u00e4ns<br \/>\n&#8211; 4 Badezimmer \/ Wc (jede Kabine ist separat und elektrisch)<br \/>\n-1 Separates Kapit\u00e4ns-WC<br \/>\n-1 Schwimmdusche<br \/>\n-1 Badeleiter<br \/>\n&#8211; \u00dcberkopffl\u00e4chen zum Sonnenbaden<br \/>\n&#8211; \u00dcberdachung<br \/>\n-Pool\u00fcberdachung<br \/>\n-Sommer (POOL) Wohnzimmer<br \/>\n-Winter (Innen-)Wohnzimmer<br \/>\n&#8211; 3 Klimaanlagen (3 x 12.000 btu arbeiten nach den Bed\u00fcrfnissen der G\u00e4ste)<br \/>\n-Generator (arbeitet nach den Bed\u00fcrfnissen der G\u00e4ste)<br \/>\n-K\u00fcche<br \/>\n&#8211; Alle K\u00fcchenutensilien (f\u00fcr 10 Personen)<br \/>\n-B\u00e4ckerei<br \/>\n-Januar<br \/>\nK\u00fchlschrank<br \/>\n-K\u00fchlschrank und Tiefk\u00fchltruhe<br \/>\n-900lt S\u00fc\u00dfwasserkapazit\u00e4t<br \/>\n-150lt Abwasserkapazit\u00e4t<br \/>\n-400lt Kraftstoffkapazit\u00e4t<br \/>\n-560A Servicebatterien<br \/>\n&#8211; 220 V\/12 V Telefonladestationen in jeder Kabine<br \/>\n-Fans in jeder Kabine<br \/>\n-Bluetooth-Musiksystem<br \/>\n-Fernseher mit HDMI-Anschluss<br \/>\n-Lautsprecher in der Indoor-Halle<br \/>\n-Wasserdichte Lautsprecher in der Au\u00dfenhalle<br \/>\n-24 Stunden hei\u00dfes Wasser (in Badezimmern)<br \/>\n-24 Stunden Warmwasser (in der K\u00fcche)<br \/>\n&#8211; 24-Stunden-12-V-Ladeger\u00e4t f\u00fcr Telefone in den Kabinen<br \/>\n&#8211; Au\u00dfenbordmotor<br \/>\n-Zodiac-Bot<br \/>\n-Neue Bettw\u00e4sche und Handt\u00fccher f\u00fcr G\u00e4ste in allen Kabinen<\/p>\n<p>\ud83d\udc49WICHTIGE HINWEISE;<br \/>\n1- UNSER BOOT WIRD VON ZERTIFIZIERTEN UNTERNEHMEN VOR JEDER TOUR GEGEN COVID-19 DESINFIZIERT UND ZERTIFIZIERT.)<br \/>\n2- Damit Sie und Ihre Lieben sich sicher f\u00fchlen, m\u00f6chten wir dies betonen; BOOTSKAPIT\u00c4N IST EIN RETTUNGSW\u00c4CHTER UND TAUCHLEHRER<\/p>\n<p>F\u00dcR G\u00c4STE, DIE DAS SEGELN LIEBEN;<br \/>\nKlassisches Gro\u00dfsegel<br \/>\nRollgenua<br \/>\n4 Segelwinden (3 elektrisch)<\/p>\n<p>\ud83d\udc49 ZUGANG ZUM BOOT \ud83d\udc48<br \/>\nund EINTRITTS-\/AUSGANGSZEITEN;<br \/>\nUnsere Check-in-Zeit ist Samstag 14:00 Uhr<br \/>\nUnsere Check-out-Zeit ist Samstag um 09:00 Uhr<\/p>\n<p>ECE SARAY MARINA, im Zentrum von Fethiye gelegen, ist unser Ausgangspunkt und es gibt sichere Parkpl\u00e4tze und M\u00e4rkte wie CarefoureSA, Migros, \u015eok usw. zum Einkaufen in der N\u00e4he. Der Fisch- und Gem\u00fcsemarkt ist von unserem Boot aus zu Fu\u00df erreichbar (300 Meter).<\/p>\n","protected":false},"excerpt":{"rendered":"<p>BENETEAU OCEANIS 50 \/ 2011 \u26f5 \u26f5 BOOTDETAILS \u26f5 &#8211; 4 Doppelbettkabinen &#8211; 4 Badezimmer \/ Wc (jede Kabine ist separat) &#8211; Die Mietbedingungen unseres Segelbootes lauten wie folgt. \ud83d\udc49 BOOTSDETAILS; \ud83d\udc48 -4 Doppelbettkabine &#8211; 1 separate Kabine des Kapit\u00e4ns &#8211; 4 Badezimmer \/ Wc (jede Kabine ist separat und elektrisch) -1 Separates Kapit\u00e4ns-WC -1<\/p>\n<div class=\"padding-top text-center\"><a href=\"https:\/\/ekstremtatil.com\/de\/tours\/yacht-fethiye-2-beneteau-ece-marin\/\" class=\"atbtn atbtn--medium atbtn--rounded atbtn--transparent\">Devam\u0131<i class=\"atbtn__icon atbtn__icon--right fa fa-long-arrow-right\"><\/i><\/a><\/div>\n","protected":false},"featured_media":2069,"template":"","meta":[],"product_brand":[],"product_cat":[330,63],"product_tag":[332,331,342],"class_list":{"0":"post-2089","1":"product","2":"type-product","3":"status-publish","4":"has-post-thumbnail","6":"product_cat-bootstour","7":"product_cat-uncategorized-tr","8":"product_tag-fahrkarte","9":"product_tag-fethiye-de","10":"product_tag-gleitschirmfliegen","11":"tour_category-yachtcharter","13":"first","14":"instock","15":"shipping-taxable","16":"product-type-tour"},"aioseo_notices":[],"_links":{"self":[{"href":"https:\/\/ekstremtatil.com\/de\/wp-json\/wp\/v2\/product\/2089","targetHints":{"allow":["GET"]}}],"collection":[{"href":"https:\/\/ekstremtatil.com\/de\/wp-json\/wp\/v2\/product"}],"about":[{"href":"https:\/\/ekstremtatil.com\/de\/wp-json\/wp\/v2\/types\/product"}],"wp:featuredmedia":[{"embeddable":true,"href":"https:\/\/ekstremtatil.com\/de\/wp-json\/wp\/v2\/media\/2069"}],"wp:attachment":[{"href":"https:\/\/ekstremtatil.com\/de\/wp-json\/wp\/v2\/media?parent=2089"}],"wp:term":[{"taxonomy":"product_brand","embeddable":true,"href":"https:\/\/ekstremtatil.com\/de\/wp-json\/wp\/v2\/product_brand?post=2089"},{"taxonomy":"product_cat","embeddable":true,"href":"https:\/\/ekstremtatil.com\/de\/wp-json\/wp\/v2\/product_cat?post=2089"},{"taxonomy":"product_tag","embeddable":true,"href":"https:\/\/ekstremtatil.com\/de\/wp-json\/wp\/v2\/product_tag?post=2089"}],"curies":[{"name":"wp","href":"https:\/\/api.w.org\/{rel}","templated":true}]}}