{"id":1922,"date":"2015-07-12T10:34:07","date_gmt":"2022-04-12T18:46:40","guid":{"rendered":"https:\/\/forestgreen-gazelle-678785.hostingersite.com\/urun\/tuplu-dalis-fethiye-oeluedeniz\/"},"modified":"2022-04-12T21:46:40","modified_gmt":"2022-04-12T18:46:40","slug":"tuplu-dalis-fethiye-oludeniz-2","status":"publish","type":"product","link":"https:\/\/ekstremtatil.com\/de\/tours\/tuplu-dalis-fethiye-oludeniz-2\/","title":{"rendered":"Tauchen Fethiye \u00d6l\u00fcdeniz (halber Tag)"},"content":{"rendered":"<h2>Scuba Diving Fethiye Oludeniz bietet eine halbt\u00e4gige Alternative<\/h2>\n<p>Es reicht aus, Ihren Seeanzug (Badeanzug, Shorts) mitzubringen, wenn Sie einen Tauchausflug unternehmen. Das folgende Programm gilt f\u00fcr halbt\u00e4giges Tauchen. Das Tauchen in \u00d6l\u00fcdeniz dauert einen halben Tag und mit dem Boot kommt man etwas weit. Getaucht wird an den Ufern von \u00d6l\u00fcdeniz.<\/p>\n<p>Wir w\u00fcnschen Ihnen sichere und angenehme Tauchg\u00e4nge mit lizenzierten und erfahrenen Tauchlehrern, die seit vielen Jahren in diesem Gesch\u00e4ft t\u00e4tig sind. Wie w\u00e4re es mit einem weiteren Fantasy-Abenteuer?<\/p>\n<table class=\"table table-bordered tours-tabs__table\" style=\"height: 233px;\" width=\"862\">\n<tbody>\n<tr>\n<td><strong>ANFANG<\/strong><\/td>\n<td>\u00d6l\u00fcdeniz um 10:45 oder 12:45<\/td>\n<\/tr>\n<tr>\n<td><strong>BEENDEN<\/strong><\/td>\n<td>Es endet in 2 Stunden.<\/td>\n<\/tr>\n<tr>\n<td><strong>KLEIDER<\/strong><\/td>\n<td>Ihre normale Marine-Kleidung<\/td>\n<\/tr>\n<tr>\n<td><strong>EINSCHLIESSLICH<\/strong><\/td>\n<td>\n<table class=\"table table-bordered\" style=\"height: 62px; width: 55.3202%;\" width=\"300\">\n<tbody>\n<tr>\n<td style=\"width: 53.7143%;\"><i class=\"fa fa-check icon-tick icon-tick--on\"><\/i>professioneller Trainer<\/td>\n<td style=\"width: 44%;\"><\/td>\n<\/tr>\n<tr>\n<td style=\"width: 53.7143%;\"><i class=\"fa fa-check icon-tick icon-tick--on\"><\/i>15 Minuten Einzeltauchgang<\/td>\n<td style=\"width: 44%;\"><\/td>\n<\/tr>\n<\/tbody>\n<\/table>\n<\/td>\n<\/tr>\n<tr>\n<td><b>NICHT BEINHALTET<\/b><\/td>\n<td>\n<table class=\"table table-bordered\" style=\"height: 62px;\" width=\"300\">\n<tbody>\n<tr>\n<td><i class=\"fa fa-times icon-tick icon-tick--off\"><\/i>Fotos<\/td>\n<\/tr>\n<tr>\n<td><i class=\"fa fa-times icon-tick icon-tick--off\"><\/i>&#8212;<\/td>\n<\/tr>\n<\/tbody>\n<\/table>\n<\/td>\n<\/tr>\n<\/tbody>\n<\/table>\n<p>Entdecken Sie alle <a href=\"https:\/\/ekstremtatil.com\/tours\/\">Touren<\/a> . Schauen Sie sich die Artikel \u00fcber das <a href=\"https:\/\/ekstremtatil.com\/de\/tag\/fethiye-gleitschirmfliegen\/\">Gleitschirmfliegen in Fethiye<\/a> an. <a href=\"https:\/\/fethiyeyamacparasutu.com\/\">Fethiye Paragliding-Website<\/a> f\u00fcr weitere Artikel zu diesem Thema.<\/p>\n","protected":false},"excerpt":{"rendered":"<p>Scuba Diving Fethiye Oludeniz bietet eine halbt\u00e4gige Alternative Es reicht aus, Ihren Seeanzug (Badeanzug, Shorts) mitzubringen, wenn Sie einen Tauchausflug unternehmen. Das folgende Programm gilt f\u00fcr halbt\u00e4giges Tauchen. Das Tauchen in \u00d6l\u00fcdeniz dauert einen halben Tag und mit dem Boot kommt man etwas weit. Getaucht wird an den Ufern von \u00d6l\u00fcdeniz. Wir w\u00fcnschen Ihnen sichere<\/p>\n<div class=\"padding-top text-center\"><a href=\"https:\/\/ekstremtatil.com\/de\/tours\/tuplu-dalis-fethiye-oludeniz-2\/\" class=\"atbtn atbtn--medium atbtn--rounded atbtn--transparent\">Devam\u0131<i class=\"atbtn__icon atbtn__icon--right fa fa-long-arrow-right\"><\/i><\/a><\/div>\n","protected":false},"featured_media":1870,"template":"","meta":[],"product_brand":[],"product_cat":[354],"product_tag":[331,355,357,356],"class_list":{"0":"post-1922","1":"product","2":"type-product","3":"status-publish","4":"has-post-thumbnail","6":"product_cat-geratetauchen","7":"product_tag-fethiye-de","8":"product_tag-geratetauchen","9":"product_tag-halber-tag","10":"product_tag-totes-meer","11":"tour_category-aktivitaten","12":"tour_category-fethiye-de","13":"tour_category-wetterabhangig","15":"first","16":"instock","17":"featured","18":"shipping-taxable","19":"purchasable","20":"product-type-tour"},"aioseo_notices":[],"_links":{"self":[{"href":"https:\/\/ekstremtatil.com\/de\/wp-json\/wp\/v2\/product\/1922","targetHints":{"allow":["GET"]}}],"collection":[{"href":"https:\/\/ekstremtatil.com\/de\/wp-json\/wp\/v2\/product"}],"about":[{"href":"https:\/\/ekstremtatil.com\/de\/wp-json\/wp\/v2\/types\/product"}],"wp:featuredmedia":[{"embeddable":true,"href":"https:\/\/ekstremtatil.com\/de\/wp-json\/wp\/v2\/media\/1870"}],"wp:attachment":[{"href":"https:\/\/ekstremtatil.com\/de\/wp-json\/wp\/v2\/media?parent=1922"}],"wp:term":[{"taxonomy":"product_brand","embeddable":true,"href":"https:\/\/ekstremtatil.com\/de\/wp-json\/wp\/v2\/product_brand?post=1922"},{"taxonomy":"product_cat","embeddable":true,"href":"https:\/\/ekstremtatil.com\/de\/wp-json\/wp\/v2\/product_cat?post=1922"},{"taxonomy":"product_tag","embeddable":true,"href":"https:\/\/ekstremtatil.com\/de\/wp-json\/wp\/v2\/product_tag?post=1922"}],"curies":[{"name":"wp","href":"https:\/\/api.w.org\/{rel}","templated":true}]}}