{"id":1916,"date":"2020-08-05T11:17:08","date_gmt":"2022-04-12T18:36:33","guid":{"rendered":"https:\/\/forestgreen-gazelle-678785.hostingersite.com\/urun\/jeep-safari-fethiye-cadianda-pinara\/"},"modified":"2022-04-12T21:36:39","modified_gmt":"2022-04-12T18:36:39","slug":"jeep-safari-fethiye-cadianda-pinara","status":"publish","type":"product","link":"https:\/\/ekstremtatil.com\/de\/tours\/jeep-safari-fethiye-cadianda-pinara\/","title":{"rendered":"Jeep-Safari Fethiye"},"content":{"rendered":"<p>Abenteuerlustige, bist du bereit? Machen Sie sich bereit, einen Tag weit weg von den Sorgen des modernen Lebens zu verbringen. Die erste Station unserer Reise, die mit unseren 4&#215;4-Jeeps mit Sicherheitsstandards begann, ist das Dorf Yaka, in dem sich Forellenbecken und eine herrliche Natur befinden. Wir passieren die D\u00f6rfer am Rande von Akda\u011f und erreichen auf der Bergstra\u00dfe die Sakl\u0131kent-Schlucht. Hier machen wir Mittagspause. In der K\u00fchle des eiskalten Wassers, das aus der Schlucht flie\u00dft, werden Sie die br\u00fctende Hitze des Sommers vergessen. Wir nehmen ein Schlammbad am v\u00f6llig naturbelassenen Schlammstrand und begeben uns auf eine Reise durch das Xanthos-Tal. Nach dem Schlamm fahren wir zu unserer letzten Station, dem Strand, um in das k\u00fchle Wasser des Meeres einzutauchen. Sind Sie bereit, dieses unvergessliche Erlebnis zu erleben?<\/p>\n<table class=\"table table-bordered tours-tabs__table\" style=\"height: 233px;\" width=\"862\">\n<tbody>\n<tr>\n<td><strong>START-\/ENDORT<\/strong><\/td>\n<td>Fethiye, B\u00fcro \u00d6l\u00fcdeniz<\/td>\n<\/tr>\n<tr>\n<td><strong>AUSGANGSSTUNDEN<\/strong><\/td>\n<td>\u00d6l\u00fcdeniz &#8211; 08:15, Hisaronu &#8211; 08:30, Fethiye &#8211; 08:45, Calis &#8211; 08:30<\/td>\n<\/tr>\n<tr>\n<td><strong>ZEIT ZUR\u00dcCK DREHEN<\/strong><\/td>\n<td>16:00 &#8211; 17:00<\/td>\n<\/tr>\n<tr>\n<td><strong>KLEIDER<\/strong><\/td>\n<td>Turnschuhe, Wasserpistole, Hausschuhe, Strandausr\u00fcstung, Sonnenbrille<\/td>\n<\/tr>\n<tr>\n<td><strong>EINSCHLIESSLICH<\/strong><\/td>\n<td>\n<table class=\"table table-bordered\" style=\"height: 62px;\" width=\"300\">\n<tbody>\n<tr>\n<td><i class=\"fa fa-check icon-tick icon-tick--on\"><\/i>Orientierungsdienst<\/td>\n<td><i class=\"fa fa-check icon-tick icon-tick--on\"><\/i>Transport<\/td>\n<\/tr>\n<tr>\n<td><i class=\"fa fa-check icon-tick icon-tick--on\"><\/i>Versicherung<\/td>\n<td><i class=\"fa fa-check icon-tick icon-tick--on\"><\/i>Offenes Mittagsbuffet<\/td>\n<\/tr>\n<\/tbody>\n<\/table>\n<\/td>\n<\/tr>\n<tr>\n<td><b>NICHT BEINHALTET<\/b><\/td>\n<td>\n<table class=\"table table-bordered\" style=\"height: 62px;\" width=\"300\">\n<tbody>\n<tr>\n<td><i class=\"fa fa-times icon-tick icon-tick--off\"><\/i>Getr\u00e4nke<\/td>\n<\/tr>\n<tr>\n<td><i class=\"fa fa-times icon-tick icon-tick--off\"><\/i>Saklikent Canyon Eintrittsgeb\u00fchr<\/td>\n<\/tr>\n<\/tbody>\n<\/table>\n<\/td>\n<\/tr>\n<\/tbody>\n<\/table>\n<p>&nbsp;<\/p>\n","protected":false},"excerpt":{"rendered":"<p>Abenteuerlustige, bist du bereit? Machen Sie sich bereit, einen Tag weit weg von den Sorgen des modernen Lebens zu verbringen. Die erste Station unserer Reise, die mit unseren 4&#215;4-Jeeps mit Sicherheitsstandards begann, ist das Dorf Yaka, in dem sich Forellenbecken und eine herrliche Natur befinden. Wir passieren die D\u00f6rfer am Rande von Akda\u011f und erreichen<\/p>\n<div class=\"padding-top text-center\"><a href=\"https:\/\/ekstremtatil.com\/de\/tours\/jeep-safari-fethiye-cadianda-pinara\/\" class=\"atbtn atbtn--medium atbtn--rounded atbtn--transparent\">Devam\u0131<i class=\"atbtn__icon atbtn__icon--right fa fa-long-arrow-right\"><\/i><\/a><\/div>\n","protected":false},"featured_media":1892,"template":"","meta":[],"product_brand":[],"product_cat":[346],"product_tag":[347],"class_list":{"0":"post-1916","1":"product","2":"type-product","3":"status-publish","4":"has-post-thumbnail","6":"product_cat-jeep-safari-de","7":"product_tag-jeep-safari-am-strand-von-sakkent","8":"tour_category-aktivitaten","9":"tour_category-fethiye-de","10":"tour_category-mahlzeit-inbegriffen","12":"first","13":"instock","14":"shipping-taxable","15":"purchasable","16":"product-type-tour"},"aioseo_notices":[],"_links":{"self":[{"href":"https:\/\/ekstremtatil.com\/de\/wp-json\/wp\/v2\/product\/1916","targetHints":{"allow":["GET"]}}],"collection":[{"href":"https:\/\/ekstremtatil.com\/de\/wp-json\/wp\/v2\/product"}],"about":[{"href":"https:\/\/ekstremtatil.com\/de\/wp-json\/wp\/v2\/types\/product"}],"wp:featuredmedia":[{"embeddable":true,"href":"https:\/\/ekstremtatil.com\/de\/wp-json\/wp\/v2\/media\/1892"}],"wp:attachment":[{"href":"https:\/\/ekstremtatil.com\/de\/wp-json\/wp\/v2\/media?parent=1916"}],"wp:term":[{"taxonomy":"product_brand","embeddable":true,"href":"https:\/\/ekstremtatil.com\/de\/wp-json\/wp\/v2\/product_brand?post=1916"},{"taxonomy":"product_cat","embeddable":true,"href":"https:\/\/ekstremtatil.com\/de\/wp-json\/wp\/v2\/product_cat?post=1916"},{"taxonomy":"product_tag","embeddable":true,"href":"https:\/\/ekstremtatil.com\/de\/wp-json\/wp\/v2\/product_tag?post=1916"}],"curies":[{"name":"wp","href":"https:\/\/api.w.org\/{rel}","templated":true}]}}