{"id":1914,"date":"2022-03-01T18:20:15","date_gmt":"2022-03-01T15:20:15","guid":{"rendered":"https:\/\/forestgreen-gazelle-678785.hostingersite.com\/urun\/fethiye-yamac-parasutu-oludeniz\/"},"modified":"2023-04-02T00:00:13","modified_gmt":"2023-04-01T21:00:13","slug":"fethiye-gleitschirm-fliegen-oludeniz","status":"publish","type":"product","link":"https:\/\/ekstremtatil.com\/de\/tours\/fethiye-gleitschirm-fliegen-oludeniz\/","title":{"rendered":"Oludeniz Paragliding Fethiye Ticket"},"content":{"rendered":"<h2><strong>Oludeniz <\/strong><strong>Gleitschirmfliegen <\/strong><strong>Reservierung<\/strong><\/h2>\n<p><strong>Fethiye Paragliding Oludeniz Flug<\/strong> ist eine aufregende Aktivit\u00e4t. Tandem Paragliding ist nicht nur ein adrenalingeladener Flug, sondern auch eine tolle Einf\u00fchrung in diesen Sport. Als <strong>zertifizierte<\/strong> und <strong>erfahrene<\/strong> Piloten k\u00f6nnen unsere Piloten Ihnen Man\u00f6ver anbieten, die die Adrenalindosis erh\u00f6hen. Nat\u00fcrlich nur wenn Sie m\u00f6chten.<\/p>\n<p>F\u00fcr das <strong>Fethiye-Oludeniz-Paragliding-Ticket<\/strong> brauchen Sie keine Erfahrung zu haben. An dieser Aktivit\u00e4t kann jeder teilnehmen, der zwischen 4 und 65 Jahre alt ist, nicht mehr als 90 kg wiegt und keine gesundheitlichen Probleme hat. Alles, was Sie tun m\u00fcssen, ist, den Anweisungen Ihres Piloten zu folgen und ein wenig zu rennen. Je nach Wetterlage reicht auch mal ein One-Two-Step-Lauf.<\/p>\n<p>In der H\u00f6he kann der Pilot problemlos mit dem Passagier sprechen und sogar Paare k\u00f6nnen je nach Wetterlage nach dem Start nebeneinander fliegen (ohne Gew\u00e4hr).<\/p>\n<h2>Fethiye-Gleitschirmfliegen-Paragliding<\/h2>\n<p>Wir bieten w\u00e4hrend der Sommersaison 7 Tage die Woche Tandem <strong>-Gleitschirmfl\u00fcge<\/strong> in <strong>Fethiye<\/strong> \u00d6l\u00fcdeniz an. Die Verweilzeit an der Luft betr\u00e4gt zwischen 20 und 40 Minuten. Es h\u00e4ngt von den Wetterbedingungen ab. Wir empfehlen Ihnen, Ihr Ticket mindestens 3 Tage im Voraus zu kaufen. Damit wir Sie \u00fcber die Wetterbedingungen informieren k\u00f6nnen, die es betreffen, wenn auch selten. Stornierungen bis zu den letzten 2 Tagen werden garantiert vollst\u00e4ndig erstattet oder Sie k\u00f6nnen das Datum \u00e4ndern.<\/p>\n<h2>Wie viele Meter ist Fethiye Oludeniz Paragliding?<\/h2>\n<p>Im Allgemeinen k\u00f6nnen wir sagen, dass wir von \u00d6l\u00fcdeniz Babada\u011f aus in einer H\u00f6he von <strong>2000 Metern<\/strong> fliegen. Eigentlich gibt es 4 Startpl\u00e4tze. Da die Sicherheit im Vordergrund steht und einer der Sicherheitsfaktoren der g\u00fcnstige Wind ist, k\u00f6nnen wir den Startbereich \u00e4ndern.<\/p>\n<h2>Oludeniz Gleitschirmfliegen Unternehmen<\/h2>\n<p>Die Zahl der Gleitschirmflieger in Oludeniz ist in den letzten Jahren gestiegen. Dieser Anstieg steht nat\u00fcrlich im Zusammenhang mit der Zunahme der Zahl der Piloten. Der Anstieg dieser Zahlen ist f\u00fcr die Sportgemeinschaft erfreulich. Die Zahl der qualifizierten und erfahrenen Piloten l\u00e4sst sich jedoch nicht so einfach erh\u00f6hen. Wir arbeiten mit Paragliding-Experten als Extrem-Urlaub. Likya Travel <strong>ist das beste Unternehmen<\/strong>in Oludeniz Fethiye mit mehr als 25 Jahren Flugerfahrung.<\/p>\n<table class=\"table table-bordered tours-tabs__table\" style=\"height: 233px;\" width=\"862\">\n<tbody>\n<tr>\n<td>\n<h3>START-\/ENDORT<\/h3>\n<\/td>\n<td>Fethiye, B\u00fcro \u00d6l\u00fcdeniz<\/td>\n<\/tr>\n<tr>\n<td><strong>AUSGANGSSTUNDEN<\/strong><\/td>\n<td>Fest 8, 10, 12, 14 mit Ticket. Bitte treffen Sie sich 10 Minuten fr\u00fcher im B\u00fcro.<\/td>\n<\/tr>\n<tr>\n<td><strong>ZEIT ZUR\u00dcCK DREHEN<\/strong><\/td>\n<td>Etwa 2 Stunden nach dem Start.<\/td>\n<\/tr>\n<tr>\n<td><strong>KLEIDER<\/strong><\/td>\n<td>Turnschuhe, Sonnenbrille. Es ist verboten, w\u00e4hrend des Fluges etwas mitzunehmen.<\/td>\n<\/tr>\n<tr>\n<td><strong>EINSCHLIESSLICH<\/strong><\/td>\n<td>\n<table class=\"table table-bordered\" style=\"height: 62px;\" width=\"300\">\n<tbody>\n<tr>\n<td><i class=\"fa fa-check icon-tick icon-tick--on\"><\/i>Berufspilot<\/td>\n<td><i class=\"fa fa-check icon-tick icon-tick--on\"><\/i>Gate-Maut<\/td>\n<\/tr>\n<tr>\n<td><i class=\"fa fa-check icon-tick icon-tick--on\"><\/i>Flugmaterial<\/td>\n<td><i class=\"fa fa-check icon-tick icon-tick--on\"><\/i>Dienst am Berg<\/td>\n<\/tr>\n<\/tbody>\n<\/table>\n<\/td>\n<\/tr>\n<tr>\n<td><b>NICHT BEINHALTET<\/b><\/td>\n<td>\n<table class=\"table table-bordered\" style=\"height: 62px;\" width=\"300\">\n<tbody>\n<tr>\n<td><i class=\"fa fa-times icon-tick icon-tick--off\"><\/i>Fotos und Videos<\/td>\n<\/tr>\n<tr>\n<td><\/td>\n<\/tr>\n<\/tbody>\n<\/table>\n<\/td>\n<\/tr>\n<\/tbody>\n<\/table>\n<p>Hinweis: Wir bieten nur einen kostenlosen Abholtransfer von Hotels in Fethiye an.<\/p>\n<p>Entdecken Sie alle <a href=\"https:\/\/ekstremtatil.com\/tours\/\">Touren<\/a> . Schauen Sie sich die Artikel \u00fcber die <a href=\"\/tag\/fethiye-yamac-parasutu\/\">Preise f\u00fcr Gleitschirmfliegen in Fethiye<\/a> an. <a href=\"https:\/\/fethiyeyamacparasutu.com\/\">Fethiye Paragliding-Website<\/a> f\u00fcr weitere Artikel zu diesem Thema.<\/p>\n<p><script type=\"application\/ld+json\">\n{\n  \"@context\": \"https:\/\/schema.org\/\",\n  \"@type\": \"Product\",\n  \"name\": \"Fethiye yama\u00e7 para\u015f\u00fct\u00fc\",\n  \"image\": \"https:\/\/ekstremtatil.com\/wp-content\/uploads\/revslider\/home-page-slider\/yamac-parasutu-paragliding-fethiye-ekstrem-tatil-1-720x606.jpg\",\n  \"offers\": {\n    \"@type\": \"Offer\",\n    \"priceCurrency\": \"try\",\n    \"price\": \"1600\",\n    \"availability\": \"https:\/\/schema.org\/OnlineOnly\"\n  }\n}\n<\/script><\/p>\n","protected":false},"excerpt":{"rendered":"<p>Oludeniz Gleitschirmfliegen Reservierung Fethiye Paragliding Oludeniz Flug ist eine aufregende Aktivit\u00e4t. Tandem Paragliding ist nicht nur ein adrenalingeladener Flug, sondern auch eine tolle Einf\u00fchrung in diesen Sport. Als zertifizierte und erfahrene Piloten k\u00f6nnen unsere Piloten Ihnen Man\u00f6ver anbieten, die die Adrenalindosis erh\u00f6hen. Nat\u00fcrlich nur wenn Sie m\u00f6chten. F\u00fcr das Fethiye-Oludeniz-Paragliding-Ticket brauchen Sie keine Erfahrung zu<\/p>\n<div class=\"padding-top text-center\"><a href=\"https:\/\/ekstremtatil.com\/de\/tours\/fethiye-gleitschirm-fliegen-oludeniz\/\" class=\"atbtn atbtn--medium atbtn--rounded atbtn--transparent\">Devam\u0131<i class=\"atbtn__icon atbtn__icon--right fa fa-long-arrow-right\"><\/i><\/a><\/div>\n","protected":false},"featured_media":1846,"template":"","meta":[],"product_brand":[],"product_cat":[341,340],"product_tag":[332,331,342,356],"class_list":{"0":"post-1914","1":"product","2":"type-product","3":"status-publish","4":"has-post-thumbnail","6":"product_cat-aktivitat","7":"product_cat-gleitschirmfliegen","8":"product_tag-fahrkarte","9":"product_tag-fethiye-de","10":"product_tag-gleitschirmfliegen","11":"product_tag-totes-meer","12":"tour_category-aktivitaten","13":"tour_category-fethiye-de","14":"tour_category-oludeniz-de","16":"first","17":"instock","18":"featured","19":"virtual","20":"purchasable","21":"product-type-tour"},"aioseo_notices":[],"_links":{"self":[{"href":"https:\/\/ekstremtatil.com\/de\/wp-json\/wp\/v2\/product\/1914","targetHints":{"allow":["GET"]}}],"collection":[{"href":"https:\/\/ekstremtatil.com\/de\/wp-json\/wp\/v2\/product"}],"about":[{"href":"https:\/\/ekstremtatil.com\/de\/wp-json\/wp\/v2\/types\/product"}],"wp:featuredmedia":[{"embeddable":true,"href":"https:\/\/ekstremtatil.com\/de\/wp-json\/wp\/v2\/media\/1846"}],"wp:attachment":[{"href":"https:\/\/ekstremtatil.com\/de\/wp-json\/wp\/v2\/media?parent=1914"}],"wp:term":[{"taxonomy":"product_brand","embeddable":true,"href":"https:\/\/ekstremtatil.com\/de\/wp-json\/wp\/v2\/product_brand?post=1914"},{"taxonomy":"product_cat","embeddable":true,"href":"https:\/\/ekstremtatil.com\/de\/wp-json\/wp\/v2\/product_cat?post=1914"},{"taxonomy":"product_tag","embeddable":true,"href":"https:\/\/ekstremtatil.com\/de\/wp-json\/wp\/v2\/product_tag?post=1914"}],"curies":[{"name":"wp","href":"https:\/\/api.w.org\/{rel}","templated":true}]}}