{"id":1913,"date":"2022-04-08T14:56:06","date_gmt":"2022-04-12T18:33:28","guid":{"rendered":"https:\/\/forestgreen-gazelle-678785.hostingersite.com\/urun\/oeluedeniz-bootstour-fethiye\/"},"modified":"2022-04-18T04:34:35","modified_gmt":"2022-04-18T01:34:35","slug":"oludeniz-bootstour-fethiye","status":"publish","type":"product","link":"https:\/\/ekstremtatil.com\/de\/tours\/oludeniz-bootstour-fethiye\/","title":{"rendered":"\u00d6l\u00fcdeniz Bootstour"},"content":{"rendered":"<p>Das Boot von \u00d6l\u00fcdeniz dauert einen ganzen Tag. \u00d6l\u00fcdeniz Fethiye t\u00e4gliche Bootsfahrten geh\u00f6ren zu den beliebtesten Ausfl\u00fcgen, an denen jeder Gast, der unsere Region f\u00fcr seinen Urlaub besucht, an mindestens einem davon teilnimmt. Die wichtigsten dieser Ausfl\u00fcge sind Aquarium Bay, 12 Inselausfl\u00fcge; Schmetterlingstal, Blaue H\u00f6hle, Soguksu-Bucht. Inseln und Buchten; Angelausfl\u00fcge, wenn Sie gerne angeln; Mondscheinausfl\u00fcge; Private Bootstouren sind auch f\u00fcr Ihre Gruppe oder Familie verf\u00fcgbar, einschlie\u00dflich Kreuzfahrten und Segelboote in der Bucht von Fethiye oder Kreuzfahrten auf 2 Decks. Sie k\u00f6nnen uns f\u00fcr weitere Informationen kontaktieren.<\/p>\n<table class=\"table table-bordered tours-tabs__table\" style=\"height: 233px;\" width=\"862\">\n<tbody>\n<tr>\n<td><strong>AUSGANG\/ZUR\u00dcCK<\/strong><\/td>\n<td>Strand von \u00d6l\u00fcdeniz<\/td>\n<\/tr>\n<tr>\n<td><strong>Abreisezeit<\/strong><\/td>\n<td>9:00 Bitte seien Sie um 8:45 am Strand.<\/td>\n<\/tr>\n<tr>\n<td><strong>Zeit zur\u00fcck drehen<\/strong><\/td>\n<td>gegen 17:30<\/td>\n<\/tr>\n<tr>\n<td><strong>Kleider<\/strong><\/td>\n<td>Ihre klassische Sommerkleidung und Bademode.<\/td>\n<\/tr>\n<tr>\n<td><strong>Einschlie\u00dflich<\/strong><\/td>\n<td>\n<table class=\"table table-bordered\" style=\"height: 62px;\" width=\"300\">\n<tbody>\n<tr>\n<td><i class=\"fa fa-check icon-tick icon-tick--on\"><\/i>Professioneller Ausbilder<\/td>\n<td><i class=\"fa fa-check icon-tick icon-tick--on\"><\/i>Mittagessen<\/td>\n<\/tr>\n<tr>\n<td><\/td>\n<td><\/td>\n<\/tr>\n<\/tbody>\n<\/table>\n<\/td>\n<\/tr>\n<tr>\n<td><b>Nicht beinhaltet<\/b><\/td>\n<td>\n<table class=\"table table-bordered\" style=\"height: 62px;\" width=\"300\">\n<tbody>\n<tr>\n<td><i class=\"fa fa-times icon-tick icon-tick--off\"><\/i>Getr\u00e4nke<\/td>\n<\/tr>\n<tr>\n<td><\/td>\n<\/tr>\n<\/tbody>\n<\/table>\n<\/td>\n<\/tr>\n<\/tbody>\n<\/table>\n<p>Z\u00f6gern Sie nicht, uns anzurufen.<\/p>\n","protected":false},"excerpt":{"rendered":"<p>Das Boot von \u00d6l\u00fcdeniz dauert einen ganzen Tag. \u00d6l\u00fcdeniz Fethiye t\u00e4gliche Bootsfahrten geh\u00f6ren zu den beliebtesten Ausfl\u00fcgen, an denen jeder Gast, der unsere Region f\u00fcr seinen Urlaub besucht, an mindestens einem davon teilnimmt. Die wichtigsten dieser Ausfl\u00fcge sind Aquarium Bay, 12 Inselausfl\u00fcge; Schmetterlingstal, Blaue H\u00f6hle, Soguksu-Bucht. Inseln und Buchten; Angelausfl\u00fcge, wenn Sie gerne angeln; Mondscheinausfl\u00fcge;<\/p>\n<div class=\"padding-top text-center\"><a href=\"https:\/\/ekstremtatil.com\/de\/tours\/oludeniz-bootstour-fethiye\/\" class=\"atbtn atbtn--medium atbtn--rounded atbtn--transparent\">Devam\u0131<i class=\"atbtn__icon atbtn__icon--right fa fa-long-arrow-right\"><\/i><\/a><\/div>\n","protected":false},"featured_media":1904,"template":"","meta":[],"product_brand":[],"product_cat":[330],"product_tag":[335,332,331,333,334],"class_list":{"0":"post-1913","1":"product","2":"type-product","3":"status-publish","4":"has-post-thumbnail","6":"product_cat-bootstour","7":"product_tag-dalaman-de","8":"product_tag-fahrkarte","9":"product_tag-fethiye-de","10":"product_tag-ganzen-tag","11":"product_tag-rafting-de","12":"tour_category-bootstour","13":"tour_category-oludeniz-de","15":"first","16":"instock","17":"virtual","18":"purchasable","19":"product-type-tour"},"aioseo_notices":[],"_links":{"self":[{"href":"https:\/\/ekstremtatil.com\/de\/wp-json\/wp\/v2\/product\/1913","targetHints":{"allow":["GET"]}}],"collection":[{"href":"https:\/\/ekstremtatil.com\/de\/wp-json\/wp\/v2\/product"}],"about":[{"href":"https:\/\/ekstremtatil.com\/de\/wp-json\/wp\/v2\/types\/product"}],"wp:featuredmedia":[{"embeddable":true,"href":"https:\/\/ekstremtatil.com\/de\/wp-json\/wp\/v2\/media\/1904"}],"wp:attachment":[{"href":"https:\/\/ekstremtatil.com\/de\/wp-json\/wp\/v2\/media?parent=1913"}],"wp:term":[{"taxonomy":"product_brand","embeddable":true,"href":"https:\/\/ekstremtatil.com\/de\/wp-json\/wp\/v2\/product_brand?post=1913"},{"taxonomy":"product_cat","embeddable":true,"href":"https:\/\/ekstremtatil.com\/de\/wp-json\/wp\/v2\/product_cat?post=1913"},{"taxonomy":"product_tag","embeddable":true,"href":"https:\/\/ekstremtatil.com\/de\/wp-json\/wp\/v2\/product_tag?post=1913"}],"curies":[{"name":"wp","href":"https:\/\/api.w.org\/{rel}","templated":true}]}}