{"id":2378,"date":"2022-11-18T13:08:44","date_gmt":"2022-11-18T10:08:44","guid":{"rendered":"https:\/\/forestgreen-gazelle-678785.hostingersite.com\/fethiye-yamac-parasutu\/"},"modified":"2022-12-26T02:39:57","modified_gmt":"2022-12-25T23:39:57","slug":"fethiye-yamac-parasutu","status":"publish","type":"page","link":"https:\/\/ekstremtatil.com\/de\/fethiye-yamac-parasutu\/","title":{"rendered":"Fethiye-Gleitschirmfliegen-Paragliding"},"content":{"rendered":"<p>Als Extremtatil stehen wir Ihnen mit unserem fachkundigen Team und professionellen Piloten zur Verf\u00fcgung, damit Sie ein unvergessliches <strong>Gleitschirmflug-Erlebnis<\/strong> in <strong>Fethiye<\/strong> mit der einzigartigen Aussicht auf \u00d6l\u00fcdeniz haben. Ihre Fl\u00fcge werden von unseren Piloten mit THK- und FAI-Lizenzen (International Aviation Federation) und langj\u00e4hriger Flugerfahrung begleitet und sind \u00e4u\u00dferst sicher und machen Spa\u00df. Unser professionelles, freundliches B\u00fcro- und Buchungsteam, umfassende und hohe Sicherheitsma\u00dfnahmen, die modernste Fallschirmsprungausr\u00fcstung und nat\u00fcrlich die sch\u00f6nste Aussicht der Welt. Alles, was Sie tun m\u00fcssen, ist uns zu erreichen und sich in der einzigartigen Aussicht auf \u00d6l\u00fcdeniz dem Wind zu \u00fcberlassen.  <a href=\"https:\/\/ekstremtatil.com\/de\/tours\/fethiye-gleitschirm-fliegen-oludeniz\/\">Bitte pr\u00fcfen Sie die Gleitschirmaktivit\u00e4ten vor der Buchung.<\/a><\/p>\n<p>Extremurlaub Oludeniz und das f\u00fchrende Gleitschirmflugunternehmen der T\u00fcrkei. Ausf\u00fchrliche Informationen zu den Preisen finden Sie in unserem Artikel <a href=\"https:\/\/ekstremtatil.com\/de\/fethiye-gleitschirm-fallschirm-preis\/\">Gleitschirmfliegen Fethiye Preise<\/a>. Unsere Piloten, die tausende von Tandem- oder Einzelfl\u00fcgen in Gleitschirmzentren in der T\u00fcrkei und der ganzen Welt gemacht haben, werden Ihnen ein unvergessliches Erlebnis bieten. <strong><br \/>\n  <em>Gleitschirmfliegen in Fethiye<\/em><br \/>\n<\/strong> Fl\u00fcge. Als Unternehmen freuen wir uns, Tausende von einheimischen und ausl\u00e4ndischen G\u00e4sten aus der T\u00fcrkei und allen L\u00e4ndern der Welt bedienen zu k\u00f6nnen. Wenn Sie Momente voller Adrenalin, Abenteuer und Spa\u00df erleben wollen, m\u00fcssen Sie sich nur an das Team von <a href=\"\/\">Extreme Holiday<\/a> wenden und Ihren Platz am Himmel buchen.<\/p>\n<h2><strong>Fethiye Paragliding &#8211; Was sind die Regeln f\u00fcr das Fliegen?<\/strong><\/h2>\n<h3>Altersgrenze:<\/h3>\n<p>THK, die FAI (Internationaler Luftfahrtverband) kennt keine Altersgrenzen. Jeder, der \u00e4lter als 4 Jahre ist, kann einen Gleitschirmflug in Fethiye machen. Menschen jeden Alters k\u00f6nnen in \u00d6l\u00fcdeniz, das eine der sch\u00f6nsten Aussichten der Welt bietet, ein unvergessliches Flugerlebnis erleben, dank unserer f\u00fcr alle Altersgruppen und K\u00f6rpergr\u00f6\u00dfen geeigneten Ausr\u00fcstung.<\/p>\n<h3>Gewichtsgrenze:<\/h3>\n<p>Bei Tandemfl\u00fcgen, d. h. bei Fl\u00fcgen, bei denen Pilot und Passagier gemeinsam fliegen und der Pilot die volle Kontrolle hat, sollte das Passagiergewicht maximal 100 betragen. Je nach Wetter- und Windverh\u00e4ltnissen k\u00f6nnen unsere Piloten dieses Limit entsprechend ihrer Erfahrung reduzieren. G\u00e4ste \u00fcber 90 kg m\u00fcssen uns bei der Reservierung ihr Gewicht mitteilen.<\/p>\n<h3>Versicherung:<\/h3>\n<p>Alle unsere Fallschirmpiloten haben eine Haftpflichtversicherung, die sie und ihre Passagiere abdeckt. Ihre Fl\u00fcge sind dank unserer Lizenzen, Versicherungen und vor allem dank unserer erfahrenen Piloten \u00e4u\u00dferst sicher.<\/p>\n<p>Gegenst\u00e4nde, die Sie dabei haben sollten: Eine Sonnenbrille, bequeme Sportschuhe und Kleidung reichen aus.<\/p>\n<h3>Flugdauer:<\/h3>\n<p>Die Fl\u00fcge dauern je nach Wetterbedingungen durchschnittlich 30 Minuten. Diese Zeit wird sich \u00e4ndern, wenn Sie Akrobatik anfordern. Dies ist die ideale Zeit vom Absprungpunkt bis zum Landepunkt. Wenn wir die Zeit vor und nach dem Flug ber\u00fccksichtigen, sollten Sie daran denken, dass es ideal w\u00e4re, 3-4 Stunden f\u00fcr diese Aktivit\u00e4t zu investieren.<\/p>\n<h3>Erfahrung der Piloten:<\/h3>\n<p>Wie bereits erw\u00e4hnt, verf\u00fcgen alle unsere Piloten \u00fcber alle lokalen und internationalen Lizenzen. Einige unserer Piloten haben sich im Gleitschirmfliegen weltweit einen Namen gemacht und gelten als die Besten auf ihrem Gebiet. Viele neue Pilotenanw\u00e4rter werden pers\u00f6nlich oder unter dem Dach der <a href=\"https:\/\/www.thk.org.tr\/\">THK<\/a>, FAI (International Aviation Federation) ausgebildet.<\/p>\n","protected":false},"excerpt":{"rendered":"<p>Als Extremtatil stehen wir Ihnen mit unserem fachkundigen Team und professionellen Piloten zur Verf\u00fcgung, damit Sie ein unvergessliches Gleitschirmflug-Erlebnis in Fethiye mit der einzigartigen Aussicht auf \u00d6l\u00fcdeniz haben. Ihre Fl\u00fcge werden von unseren Piloten mit THK- und FAI-Lizenzen (International Aviation Federation) und langj\u00e4hriger Flugerfahrung begleitet und sind \u00e4u\u00dferst sicher und machen Spa\u00df. Unser professionelles, freundliches<\/p>\n<div class=\"padding-top text-center\"><a href=\"https:\/\/ekstremtatil.com\/de\/fethiye-yamac-parasutu\/\" class=\"atbtn atbtn--medium atbtn--rounded atbtn--transparent\">Devam\u0131<i class=\"atbtn__icon atbtn__icon--right fa fa-long-arrow-right\"><\/i><\/a><\/div>\n","protected":false},"author":1,"featured_media":1851,"parent":0,"menu_order":0,"comment_status":"closed","ping_status":"closed","template":"","meta":{"footnotes":""},"class_list":["post-2378","page","type-page","status-publish","has-post-thumbnail","hentry"],"aioseo_notices":[],"_links":{"self":[{"href":"https:\/\/ekstremtatil.com\/de\/wp-json\/wp\/v2\/pages\/2378","targetHints":{"allow":["GET"]}}],"collection":[{"href":"https:\/\/ekstremtatil.com\/de\/wp-json\/wp\/v2\/pages"}],"about":[{"href":"https:\/\/ekstremtatil.com\/de\/wp-json\/wp\/v2\/types\/page"}],"author":[{"embeddable":true,"href":"https:\/\/ekstremtatil.com\/de\/wp-json\/wp\/v2\/users\/1"}],"replies":[{"embeddable":true,"href":"https:\/\/ekstremtatil.com\/de\/wp-json\/wp\/v2\/comments?post=2378"}],"version-history":[{"count":0,"href":"https:\/\/ekstremtatil.com\/de\/wp-json\/wp\/v2\/pages\/2378\/revisions"}],"wp:featuredmedia":[{"embeddable":true,"href":"https:\/\/ekstremtatil.com\/de\/wp-json\/wp\/v2\/media\/1851"}],"wp:attachment":[{"href":"https:\/\/ekstremtatil.com\/de\/wp-json\/wp\/v2\/media?parent=2378"}],"curies":[{"name":"wp","href":"https:\/\/api.w.org\/{rel}","templated":true}]}}